{"id":30,"date":"2015-07-21T01:56:11","date_gmt":"2015-07-20T20:56:11","guid":{"rendered":"http:\/\/robots.law.miami.edu\/2016\/?page_id=30"},"modified":"2016-03-30T13:19:11","modified_gmt":"2016-03-30T17:19:11","slug":"program","status":"publish","type":"page","link":"https:\/\/robots.law.miami.edu\/2016\/program\/","title":{"rendered":"Program"},"content":{"rendered":"<h1>We Robot 2016 Program<\/h1>\n<p>Last updated: March 29, 2016<\/p>\n<p>All events April 1-2 at University of Miami Newman Alumni Center except Birds of a Feather Sessions. Workshops March 31 will be held at the University of Miami School of Law. You can <a href=\"https:\/\/robots.law.miami.edu\/2016\/registration\/\">register<\/a> just for the main event or the conference and the workshops.<\/p>\n<p><em>Full text of papers will be available by clicking paper titles on this page approximately 3 weeks before the conference. Look for the highlighted links below.<\/em><\/p>\n<h1>Thursday, March 31<\/h1>\n<h2><strong>Workshops<\/strong><\/h2>\n<p><em>All workshops will run consecutively and are located in the University of Miami School of Law.<br \/>\n<\/em><br \/>\n<strong>9:00am Check-in &amp; breakfast<\/strong><\/p>\n<p><strong>9:15am Welcome<\/strong><\/p>\n<p><strong>9:30am Juris Machina: Legal Aspects of Robotics<\/strong><br \/>\nOrganizer: Woody Hartzog, Cumberland School of Law at Samford University<\/p>\n<p><strong>11:00am Break<\/strong><\/p>\n<p><strong>11:15am Electronic Love, Trust, &amp; Abuse: Social Aspects of Robotics<\/strong><br \/>\nOrganizer: Kate Darling, Research Specialist at MIT Media Lab. Fellow at the Harvard Berkman Center for Internet &amp; Society. Affiliate at the Institute for Ethics and Emerging Technologies<\/p>\n<p><strong>12:45pm Lunch<\/strong><\/p>\n<p><strong>2:00pm \u201cThe Robot Revolution has been Rescheduled (until we can debug the sensors)\u201d: Technical Aspects of Robotics<\/strong><br \/>\nOrganizer: William D. Smart, Robotics Program, Oregon State University<\/p>\n<p><strong>3:30pm Break<\/strong><\/p>\n<p><strong>3:45pm Funding the Future: Financial Aspects of Robotics<\/strong><br \/>\nOrganizer: Dan Siciliano, Rock Center for Corporate Governance, Stanford Law School<\/p>\n<p><strong>5:15pm Wrap up<\/strong><\/p>\n<hr style=\"height: 15px;\" \/>\n<h1>Friday, April 1st<\/h1>\n<h3>8:00am<\/h3>\n<p><strong>Check-in and Breakfast<\/strong><\/p>\n<h3>8:30am<\/h3>\n<p><strong>Introductions<\/strong><\/p>\n<p>Welcome Remarks: Patricia White, University of Miami School of Law<br \/>\nIntroductory Remarks and Introduction of Sponsors: A. Michael Froomkin, University of Miami School of Law, Program Chair<\/p>\n<h3>8:45am<\/h3>\n<p><strong><a href=\"https:\/\/robots.law.miami.edu\/2016\/wp-content\/uploads\/2015\/07\/ELISH_WEROBOT_cautionary-tales_03212016.pdf\" rel=\"\">Moral Crumple Zones: Cautionary Tales in Human Robot Interaction (UPDATED: final draft)<\/a><\/strong><br \/>\nMadeleine Elish, The Intelligence &amp; Autonomy Initiative, Data &amp; Society<br \/>\nDiscussant: Rebecca Crootof, The Information Society Project, Yale Law School<\/p>\n<p>10:00am Break<\/p>\n<h3>10:15am<\/h3>\n<p><strong><a href=\"https:\/\/robots.law.miami.edu\/2016\/wp-content\/uploads\/2015\/07\/Rueben_Smart_PrivacyInHRI_WeRobot2016.pdf\" rel=\"\">SmartPrivacy in Human-Robot Interaction: Survey and Future Work<\/a><\/strong><br \/>\nMatthew Rueben, Robotics Program, Oregon State University<br \/>\nWilliam D. Smart, Robotics Program, Oregon State University<br \/>\nDiscussant: Ashkan Soltani, Independent Researcher<\/p>\n<p>11:30am Break<\/p>\n<h3>11:45am<\/h3>\n<p><strong><a href=\"https:\/\/robots.law.miami.edu\/2016\/wp-content\/uploads\/2015\/07\/Millar-Moon-Engaging-Publics-on-Autonomous-Weapon-Systems-Submission.pdf\" rel=\"\">How to Engage the Public on the Ethics and Governance of Lethal Autonomous Weapons<\/a><\/strong><br \/>\nJason Millar, University of Ottawa Faculty of Law<br \/>\nAJung Moon, Engineering,\u00a0\u00c9cole Polytechnique F\u00e9d\u00e9rale de Lausanne, Lausanne, Switzerland<br \/>\nDiscussant: Peter Asaro, School of Media Studies, The New School for Public Engagement, Stanford Law School, International Committee for Robot Arms Control<\/p>\n<h3>12:30pm Lunch<\/h3>\n<ul>\n<li>Book Launch: <strong>Robot Law<\/strong> (Ryan Calo, A. Michael Froomkin &amp; Ian Kerr, eds.) (Edward Elgar, 2016)<\/li>\n<li>Stupid Robot Tricks &#038; Book Raffle<\/li>\n<\/ul>\n<h3>1:30pm<\/h3>\n<p><strong>Demonstration: Legal and Ethical Implications for Robots in our Life<\/strong><br \/>\nOlivier Guilhem, Aldebaran, SoftBank Robotics<\/p>\n<p>2:45pm Break<\/p>\n<h3>3:00pm<\/h3>\n<p><strong>Hot Topic: Autonomous Vehicles<\/strong><\/p>\n<p style=\"padding-left: 30px;\"><strong><a href=\"http:\/\/papers.ssrn.com\/sol3\/papers.cfm?abstract_id=2747491\" target=\"_blank\">Autonomous Vehicles, Predictability, and Law<\/a><\/strong><br \/>\nHarry Surden, University of Colorado Law School<br \/>\nMary-Anne Williams, Disruptive Innovation, University of Technology Sydney<br \/>\n<strong><a href=\"https:\/\/robots.law.miami.edu\/2016\/wp-content\/uploads\/2015\/07\/GILBERT-ZALLONE-Connected-Cars-REVISED_2016-03-29.pdf\" rel=\"\">Connect Cars &#8211; Recent Legal Developments<\/a><\/strong><br \/>\nFran\u00e7oise Gilbert,\u00a0Greenberg Traurig LLP, Palo Alto, California<br \/>\nRaffaele Zallone, IT Law, the Bocconi University, ITC Committee, the European Lawyers Association<br \/>\nDiscussant: Dan Siciliano, Rock Center for Corporate Governance, Stanford Law School<\/p>\n<h3>4:30pm<\/h3>\n<p><strong><a href=\"http:\/\/papers.ssrn.com\/abstract=2737598\" target=\"_blank\">Robots in American Law<\/a><\/strong><br \/>\nRyan Calo, University of Washington School of Law<br \/>\nDiscussant: A. Michael Froomkin, University of Miami School of Law<\/p>\n<h3>5:30pm<\/h3>\n<p><strong>Poster Session &amp; Reception<\/strong><\/p>\n<p><strong>Poster Presentations<\/strong><\/p>\n<p><strong>Legal Personhood for Robots: Parallels, Lessons, and Suggestions<\/strong><br \/>\nMigle Laukyte, UC3M Conex &#8211; Marie Curie Fellow at the Universidad Carlos III de Madrid (Spain).<\/p>\n<p><strong>Robots vs. Monkeys: Intellectual Property Rights of Non-Human Creators<\/strong><br \/>\nCharles M. Roslof, Legal Counsel, Wikimedia Foundation<br \/>\nTiffany Li, Privacy Fellow, Wikimedia Foundation<br \/>\n<strong><br \/>\nThe Ethical Characteristics of Autonomous Robots <\/strong><br \/>\nFahad Alaieri, Electronic Business Program, University of Ottawa (Canada) &amp; Management Information Systems, Qassim University (Saudi Arabia)<\/p>\n<p><strong>Honours Course on Robot law at the Universities of Amsterdam <\/strong><br \/>\nRobert Van den Hoven van Gendern, VU University of Amsterdam &amp; Center for Law and Internet and Intellectual Property(CLI) of Transnational Studies (TLS), VU University of Amsterdam<\/p>\n<p><strong>Regulatory Framework for a Cloud-based Architecture that Supports a LEGO\u00ae Play-based Robot-mediated Therapy for Children with ASD<\/strong><br \/>\nEduard Fosch Villaronga, Universit\u00e0 di Bologna<br \/>\nJordi Albo-Canals, La Salle BCN \u2013 Ramon Llull University, Barcelona, Spain \/ Tufts University<\/p>\n<p><strong>Should We Re-interpret the Confrontation Clause or Revise the Rules of Evidence to Provide a Different Type of Right to &#8220;Confront&#8221; Machine Witnesses?&#8221;<\/strong><br \/>\nBrian Sites, Barry University Dwayne O. Andreas School of Law<\/p>\n<p><strong>Software Intelligence (SI) Dependent Legal Personhood &#038; SI-Human Amalgamation (SIHA)\u2013 an Evolutionary Step for Patent Law<br \/>\n<\/strong>Joanna Bac, Aberdeen University<\/p>\n<p><strong>Creating Learning Spaces for the Digital Age: The Philosophy and Governance of Emerging Technologies Course at Notre Dame de Namur University<\/strong><br \/>\nWilliam Barry, Notre Dame de Namur University<br \/>\nMaria Rachelle, Notre Dame de Namur University<\/p>\n<p><strong>Human Interactions with Robots: Law, Policy, Ethics after Ashcroft v. FSC (US 2002)<\/strong><br \/>\nVickie Sutton, Texas Tech University School of Law<\/p>\n<p><strong>Patentability Of Dualistic Inventions<\/strong><br \/>\nCharles Walter, University of Houston College of Engineering &#038; College of Law<\/p>\n<h3>7:00pm Birds of a Feather Sessions@ Local restaurants<\/h3>\n<hr style=\"height: 15px;\" \/>\n<h1>Saturday, April 2nd<\/h1>\n<h3>8:00am<\/h3>\n<p>Registration and Breakfast<\/p>\n<h3>8:30am<\/h3>\n<p><strong><a href=\"https:\/\/robots.law.miami.edu\/2016\/wp-content\/uploads\/2015\/07\/We_Robot_Lutz_Tamo_ANT_Healthcare_Robots_final.pdf\" rel=\"\">Privacy and Healthcare Robots \u2013 An ANT Analysis<\/a><\/strong><br \/>\nAurelia Tamo, The Chair for Information and Communication Law and Visiting Researcher, The Institute for Pervasive Computing, Swiss Federal Institute of Technology<br \/>\nChristoph Lutz, Department of Communication and Culture, BI Norwegian Business School<br \/>\nDiscussant: Matt Beane, MIT Sloan School of Management<\/p>\n<p>9:45am Break<\/p>\n<h3>10:00am<\/h3>\n<p><strong><a href=\"https:\/\/robots.law.miami.edu\/2016\/wp-content\/uploads\/2015\/07\/Mannes_RobotGovernanceFinal.pdf\"rel=\"\">Institutional Options for Robot Governance<\/a><\/strong><br \/>\nDr. Aaron Mannes, Apex Data Analytics Engine, HSARPA Department of Homeland Security<br \/>\nDiscussant: Harry Surden, University of Colorado Law School<\/p>\n<p>11:15am Break<\/p>\n<h3>11:30am<\/h3>\n<p><strong><a href=\"https:\/\/robots.law.miami.edu\/2016\/wp-content\/uploads\/2015\/07\/Asaro_Will-BlackLivesMatter-to-Robocop_Revised_DRAFT.pdf\" rel=\"\">Will #BlackLivesMatter to RoboCop?  (Updated 3\/28)<\/a><\/strong><br \/>\nPeter Asaro, School of Media Studies, The New School for Public Engagement, Stanford Law School, International Committee for Robot Arms Control<br \/>\nDiscussant: Mary Anne Franks, University of Miami School of Law<\/p>\n<h3>12:15pm<\/h3>\n<p><strong>Special Event: Autonomous Technologies and their Societal Impact <\/strong><br \/>\nRaj Madhavan, Future Directions Committee, Institute of Electrical and Electronics Engineers;<br \/>\nFounder &amp; CEO, HumRobTech, LLC &amp; Distinguished Visiting Professor of Robotics, Amrita<br \/>\nUniversity, India.<\/p>\n<h3>12:30pm Lunch<\/h3>\n<h3>1:30pm<\/h3>\n<p><strong>Demonstration: Openrov And Openrov Trident: Democratizing Exploration, Conservation, And Marine Science Through Low-Cost Open-Source Underwater Robots<br \/>\n<\/strong>Andrew Thaler, OpenROV &#038; Virginia Institute of Marine Science<br \/>\nJoey Maier, Polk State College<\/p>\n<p>3:00pm Break<\/p>\n<h3>3:15pm<\/h3>\n<p><strong><a href=\"https:\/\/robots.law.miami.edu\/2016\/wp-content\/uploads\/2015\/07\/Seri-ouslyNOV8.pdf\" target=\"_blank\">Siriously? Free Speech Rights for Artificial Intelligence<\/a><\/strong><br \/>\nHelen Norton, University of Colorado School of Law<br \/>\nToni Massaro, University of Arizona James E. Rogers College of Law<br \/>\nDiscussant: Margot E. Kaminski, Ohio State University<\/p>\n<p>4:15pm Break<\/p>\n<h3>4:30pm<\/h3>\n<p><strong><a href=\"https:\/\/robots.law.miami.edu\/2016\/wp-content\/uploads\/2015\/07\/Smart-robots-law.pdf\"rel=\"\">What do We Really Know About Robots and the Law?<\/a><br \/>\n<\/strong>William D. Smart, Robotics Program, Oregon State University<br \/>\nDiscussant: Ian Kerr, University of Ottawa, Faculty of Law, Faculty of Medicine, and Department of Philosophy.<\/p>\n<h3>5:15pm<\/h3>\n<p>Final Remarks: A. Michael Froomkin, University of Miami School of Law<\/p>\n","protected":false},"excerpt":{"rendered":"<p>We Robot 2016 Program Last updated: March 29, 2016 All events April 1-2 at University of Miami Newman Alumni Center except Birds of a Feather Sessions. Workshops March 31 will be held at the University of Miami School of Law. You can register just for the main event or the conference and the workshops. Full [&hellip;]<\/p>\n","protected":false},"author":5,"featured_media":0,"parent":0,"menu_order":15,"comment_status":"open","ping_status":"open","template":"","meta":{"footnotes":""},"class_list":["post-30","page","type-page","status-publish","hentry"],"_links":{"self":[{"href":"https:\/\/robots.law.miami.edu\/2016\/wp-json\/wp\/v2\/pages\/30","targetHints":{"allow":["GET"]}}],"collection":[{"href":"https:\/\/robots.law.miami.edu\/2016\/wp-json\/wp\/v2\/pages"}],"about":[{"href":"https:\/\/robots.law.miami.edu\/2016\/wp-json\/wp\/v2\/types\/page"}],"author":[{"embeddable":true,"href":"https:\/\/robots.law.miami.edu\/2016\/wp-json\/wp\/v2\/users\/5"}],"replies":[{"embeddable":true,"href":"https:\/\/robots.law.miami.edu\/2016\/wp-json\/wp\/v2\/comments?post=30"}],"version-history":[{"count":53,"href":"https:\/\/robots.law.miami.edu\/2016\/wp-json\/wp\/v2\/pages\/30\/revisions"}],"predecessor-version":[{"id":1942,"href":"https:\/\/robots.law.miami.edu\/2016\/wp-json\/wp\/v2\/pages\/30\/revisions\/1942"}],"wp:attachment":[{"href":"https:\/\/robots.law.miami.edu\/2016\/wp-json\/wp\/v2\/media?parent=30"}],"curies":[{"name":"wp","href":"https:\/\/api.w.org\/{rel}","templated":true}]}}